{"id":25,"date":"2019-11-08T16:55:36","date_gmt":"2019-11-08T15:55:36","guid":{"rendered":"http:\/\/genofer.fr\/?page_id=25"},"modified":"2019-12-09T14:19:57","modified_gmt":"2019-12-09T13:19:57","slug":"presentation","status":"publish","type":"page","link":"https:\/\/genofer.fr\/","title":{"rendered":""},"content":{"rendered":"\n<p>Depuis 30 ans, gr\u00e2ce \u00e0 ses usines et sites de productions en France et en Italie, GENOFER ma\u00eetrise l\u2019ensemble des \u00e9tapes du parach\u00e8vement et de la distribution des aciers plats au carbone.<\/p>\n\n\n\n<p>Interface privil\u00e9gi\u00e9e entre les\nproducteurs d\u2019acier plats en bobines et les clients utilisateurs de feuilles ou\nde flans, GENOFER exerce son activit\u00e9 dans la cha\u00eene industrielle de la\nsid\u00e9rurgie\/m\u00e9tallurgie.<\/p>\n\n\n\n<p>Les capacit\u00e9s d\u2019analyse, d\u2019expertise et de conseil de nos \u00e9quipes vous permettrons de trouver la solution acier la plus pertinente \u00e0 vos besoins sp\u00e9cifiques.<\/p>\n\n\n\n<p>Sp\u00e9cialiste du parach\u00e8vement et de la commercialisation d\u2019aciers, l\u2019offre mise \u00e0 votre disposition couvre l\u2019ensemble de la gamme&nbsp;:<\/p>\n\n\n\n<ul class=\"wp-block-list\"><li>Aciers lamin\u00e9s \u00e0 chaud S235 => S355<\/li><li>Aciers Haute Limite Elastique (de S315MC \u00e0 S700MC) <\/li><li>Acier Indaten<\/li><li>Acier au Mangan\u00e8se-Bore : 20MnB5 et 30MnB5<\/li><li>Aciers lamin\u00e9s \u00e0 froid, galvanis\u00e9 ou \u00e9lectro-zingu\u00e9s.<\/li><\/ul>\n\n\n\n<p>Activit\u00e9s de nos principaux clients :<\/p>\n\n\n\n<ul class=\"wp-block-list\"><li>Charpente m\u00e9tallique<\/li><li>Citernes et silos<\/li><li>Bennes pour camion<\/li><li>Containers<\/li><li>Mat\u00e9riel ferroviaire et maritime<\/li><li>Tubistes<\/li><li>Ateliers de refendage et d\u00e9roulage<\/li><li>Oxycoupeurs<\/li><li>Emboutisseurs<\/li><\/ul>\n","protected":false},"excerpt":{"rendered":"<p>Depuis 30 ans, gr\u00e2ce \u00e0 ses usines et sites de productions en France et en Italie, GENOFER ma\u00eetrise l\u2019ensemble des<\/p>\n","protected":false},"author":1,"featured_media":0,"parent":0,"menu_order":0,"comment_status":"closed","ping_status":"closed","template":"","meta":{"footnotes":""},"class_list":["post-25","page","type-page","status-publish","hentry"],"_links":{"self":[{"href":"https:\/\/genofer.fr\/index.php\/wp-json\/wp\/v2\/pages\/25","targetHints":{"allow":["GET"]}}],"collection":[{"href":"https:\/\/genofer.fr\/index.php\/wp-json\/wp\/v2\/pages"}],"about":[{"href":"https:\/\/genofer.fr\/index.php\/wp-json\/wp\/v2\/types\/page"}],"author":[{"embeddable":true,"href":"https:\/\/genofer.fr\/index.php\/wp-json\/wp\/v2\/users\/1"}],"replies":[{"embeddable":true,"href":"https:\/\/genofer.fr\/index.php\/wp-json\/wp\/v2\/comments?post=25"}],"version-history":[{"count":12,"href":"https:\/\/genofer.fr\/index.php\/wp-json\/wp\/v2\/pages\/25\/revisions"}],"predecessor-version":[{"id":193,"href":"https:\/\/genofer.fr\/index.php\/wp-json\/wp\/v2\/pages\/25\/revisions\/193"}],"wp:attachment":[{"href":"https:\/\/genofer.fr\/index.php\/wp-json\/wp\/v2\/media?parent=25"}],"curies":[{"name":"wp","href":"https:\/\/api.w.org\/{rel}","templated":true}]}}