{"id":44,"date":"2019-11-15T11:11:34","date_gmt":"2019-11-15T10:11:34","guid":{"rendered":"http:\/\/genofer.fr\/?page_id=44"},"modified":"2019-12-03T16:15:31","modified_gmt":"2019-12-03T15:15:31","slug":"capacites","status":"publish","type":"page","link":"https:\/\/genofer.fr\/index.php\/capacites\/","title":{"rendered":"CAPACIT\u00c9S"},"content":{"rendered":"\n<h4 class=\"has-text-color wp-block-heading\" style=\"color:#f58112\">T\u00f4les sur d\u00e9roulage :<\/h4>\n\n\n\n<p>Largeur maximale : 2100 mm<br>\u00c9paisseurs : de 0,6 mm \u00e0 25 mm<br>Longueur maximale : 20 000 mm<\/p>\n\n\n\n<h4 class=\"has-text-color wp-block-heading\" style=\"color:#f58112\">Bandes refendues :<\/h4>\n\n\n\n<p>Largeur : de 20 mm \u00e0 2100 mm<br>\u00c9paisseurs : de 0,6 mm \u00e0 12 mm<\/p>\n\n\n\n<h4 class=\"has-text-color wp-block-heading\" style=\"color:#f58112\">Flans cisaill\u00e9s \/ larges plats :<\/h4>\n\n\n\n<p>Largeur : de 100 mm \u00e0 2100 mm<br>\u00c9paisseurs : de 0,6 mm \u00e0 12 mm <br>Longueur maximale : 16 000 mm <\/p>\n","protected":false},"excerpt":{"rendered":"<p>T\u00f4les sur d\u00e9roulage : Largeur maximale : 2100 mm\u00c9paisseurs : de 0,6 mm \u00e0 25 mmLongueur maximale : 20 000<\/p>\n","protected":false},"author":1,"featured_media":0,"parent":0,"menu_order":0,"comment_status":"closed","ping_status":"closed","template":"page-templates\/page-builder.php","meta":{"footnotes":""},"class_list":["post-44","page","type-page","status-publish","hentry"],"_links":{"self":[{"href":"https:\/\/genofer.fr\/index.php\/wp-json\/wp\/v2\/pages\/44","targetHints":{"allow":["GET"]}}],"collection":[{"href":"https:\/\/genofer.fr\/index.php\/wp-json\/wp\/v2\/pages"}],"about":[{"href":"https:\/\/genofer.fr\/index.php\/wp-json\/wp\/v2\/types\/page"}],"author":[{"embeddable":true,"href":"https:\/\/genofer.fr\/index.php\/wp-json\/wp\/v2\/users\/1"}],"replies":[{"embeddable":true,"href":"https:\/\/genofer.fr\/index.php\/wp-json\/wp\/v2\/comments?post=44"}],"version-history":[{"count":24,"href":"https:\/\/genofer.fr\/index.php\/wp-json\/wp\/v2\/pages\/44\/revisions"}],"predecessor-version":[{"id":167,"href":"https:\/\/genofer.fr\/index.php\/wp-json\/wp\/v2\/pages\/44\/revisions\/167"}],"wp:attachment":[{"href":"https:\/\/genofer.fr\/index.php\/wp-json\/wp\/v2\/media?parent=44"}],"curies":[{"name":"wp","href":"https:\/\/api.w.org\/{rel}","templated":true}]}}