{"id":70,"date":"2019-11-18T09:53:05","date_gmt":"2019-11-18T08:53:05","guid":{"rendered":"http:\/\/genofer.fr\/?page_id=70"},"modified":"2023-06-27T10:03:43","modified_gmt":"2023-06-27T08:03:43","slug":"contacts","status":"publish","type":"page","link":"https:\/\/genofer.fr\/index.php\/contacts\/","title":{"rendered":"Contacts"},"content":{"rendered":"\n<p class=\"has-text-color has-large-font-size\" style=\"color:#f58112\"><strong>GENOFER<\/strong><\/p>\n\n\n\n<p>2 all\u00e9e Vivaldi &#8211; Le San Giorgio &#8211; 06800 Cagnes sur mer<\/p>\n\n\n\n<p><strong>T\u00e9l\u00e9phone : (+33) 4 97 22 22 21<\/strong><\/p>\n\n\n\n<p><strong>Fax : (+33) 4 93 89 71 58&nbsp;<\/strong><\/p>\n\n\n\n<p>Email: <a href=\"mailto:contact@genofer.fr\">contact@genofer.fr<\/a><\/p>\n\n\n\n<p><\/p>\n\n\n\n<p><strong><a href=\"http:\/\/genofer.fr\/index.php\/conditions-generales-de-vente\/\" data-type=\"URL\" data-id=\"http:\/\/genofer.fr\/index.php\/conditions-generales-de-vente\/\">Conditions g\u00e9n\u00e9rales de vente<\/a><\/strong><\/p>\n","protected":false},"excerpt":{"rendered":"<p>GENOFER 2 all\u00e9e Vivaldi &#8211; Le San Giorgio &#8211; 06800 Cagnes sur mer T\u00e9l\u00e9phone : (+33) 4 97 22 22<\/p>\n","protected":false},"author":1,"featured_media":0,"parent":0,"menu_order":0,"comment_status":"closed","ping_status":"closed","template":"","meta":{"footnotes":""},"class_list":["post-70","page","type-page","status-publish","hentry"],"_links":{"self":[{"href":"https:\/\/genofer.fr\/index.php\/wp-json\/wp\/v2\/pages\/70","targetHints":{"allow":["GET"]}}],"collection":[{"href":"https:\/\/genofer.fr\/index.php\/wp-json\/wp\/v2\/pages"}],"about":[{"href":"https:\/\/genofer.fr\/index.php\/wp-json\/wp\/v2\/types\/page"}],"author":[{"embeddable":true,"href":"https:\/\/genofer.fr\/index.php\/wp-json\/wp\/v2\/users\/1"}],"replies":[{"embeddable":true,"href":"https:\/\/genofer.fr\/index.php\/wp-json\/wp\/v2\/comments?post=70"}],"version-history":[{"count":15,"href":"https:\/\/genofer.fr\/index.php\/wp-json\/wp\/v2\/pages\/70\/revisions"}],"predecessor-version":[{"id":201,"href":"https:\/\/genofer.fr\/index.php\/wp-json\/wp\/v2\/pages\/70\/revisions\/201"}],"wp:attachment":[{"href":"https:\/\/genofer.fr\/index.php\/wp-json\/wp\/v2\/media?parent=70"}],"curies":[{"name":"wp","href":"https:\/\/api.w.org\/{rel}","templated":true}]}}